{"id":2273,"date":"2021-11-29T17:05:21","date_gmt":"2021-11-29T16:05:21","guid":{"rendered":"https:\/\/gs-lipprandt.com\/impressum-2\/"},"modified":"2022-06-22T13:10:30","modified_gmt":"2022-06-22T11:10:30","slug":"mentions-legale","status":"publish","type":"page","link":"https:\/\/gs-lipprandt.com\/fr\/mentions-legale\/","title":{"rendered":"Mentions l\u00e9gale"},"content":{"rendered":"<div id='av_section_1'  class='avia-section av-3pcp8v-7df596eb746cc5cd85ee6e77a6059ebd main_color avia-section-huge avia-no-shadow  avia-builder-el-0  avia-builder-el-no-sibling  avia-bg-style-scroll  container_wrap fullsize'  ><div class='container av-section-cont-open' ><main  role=\"main\" itemprop=\"mainContentOfPage\"  class='template-page content  av-content-full alpha units'><div class='post-entry post-entry-type-page post-entry-2273'><div class='entry-content-wrapper clearfix'>\n\n<style type=\"text\/css\" data-created_by=\"avia_inline_auto\" id=\"style-css-av-6zg3j-abb1fb8076ba22cbe74a266954c314ff\">\n.flex_column.av-6zg3j-abb1fb8076ba22cbe74a266954c314ff{\nborder-radius:0px 0px 0px 0px;\n-webkit-border-radius:0px 0px 0px 0px;\n-moz-border-radius:0px 0px 0px 0px;\n}\n<\/style>\n<div class='flex_column av-6zg3j-abb1fb8076ba22cbe74a266954c314ff av_one_full  avia-builder-el-1  avia-builder-el-no-sibling  first flex_column_div  av-animated-generic bottom-to-top av-zero-column-padding '   ><section  class='av_textblock_section av-kwkv41cn-8a59db3cad53e166148ef08c44461d93 '  itemscope=\"itemscope\" itemtype=\"https:\/\/schema.org\/CreativeWork\" ><div class='avia_textblock '  itemprop=\"text\" ><h1>Mentions l\u00e9gale<\/h1>\n<h2>Informations conform\u00e9ment au \u00a7 5 de la loi allemande sur les m\u00e9dias \u00e9lectroniques (TMG)<\/h2>\n<p>Global Source Lipprandt GmbH<br \/>\nRaiffeisenstr. 1<br \/>\n53501 Grafschaft<br \/>\nAllemagne<\/p>\n<p>Registre du commerce : 28964<br \/>\nTribunal de registre : Koblenz<\/p>\n<p><strong>Repr\u00e9sent\u00e9 par : Oliver Lipprandt<\/strong><br \/>\nOliver Lipprandt<\/p>\n<h2>Contact<\/h2>\n<p>t\u00e9l\u00e9phone: +49 (0) 2641 890 29 74<br \/>\nfax: +49 (0) 2641 890 29 67<br \/>\nE-mail: info@gs-lipprandt.com<\/p>\n<h2>No d\u2019identification \u00e0 la TVA<\/h2>\n<p>Num\u00e9ro d\u2019identification \u00e0 la TVA conform\u00e9ment au \u00a7 27 a de la loi relative \u00e0 l\u2019imp\u00f4t sur le chiffre d\u2019affaires :<br \/>\nDE815907948<\/p>\n<h2>R\u00e8glement des litiges au sein de l\u2019UE<\/h2>\n<p>La Commission europ\u00e9enne met \u00e0 disposition une plateforme de r\u00e8glement en ligne des litiges (RLL): <a href=\"https:\/\/ec.europa.eu\/consumers\/odr\/\" target=\"_blank\" rel=\"noopener noreferrer\">https:\/\/ec.europa.eu\/consumers\/odr\/<\/a>.<br \/>\nVous trouverez notre adresse e-mail dans les mentions l\u00e9gales ci-dessus.<\/p>\n<h2>R\u00e8glement des litiges pour les consommateurs \/ Organe de conciliation universel allemand<\/h2>\n<p>Nous ne sommes pas dispos\u00e9s ou oblig\u00e9s de participer \u00e0 des proc\u00e9dures de r\u00e8glement des litiges devant un organisme de conciliation de consommateurs.<\/p>\n<h2>Droit d\u2019auteur<\/h2>\n<p>Les contenus et les \u0153uvres cr\u00e9\u00e9s par les exploitants de ces pages sont soumis au droit d\u2019auteur allemand. La reproduction, le traitement, la diffusion et toute forme d\u2019exploitation en dehors des limites du droit d\u2019auteur requi\u00e8rent l\u2019accord \u00e9crit de l\u2019auteur ou du cr\u00e9ateur concern\u00e9. Les t\u00e9l\u00e9chargements et les copies de cette page ne sont autoris\u00e9s que pour un usage priv\u00e9 et non commercial.<\/p>\n<p>Dans la mesure o\u00f9 les contenus de cette page n\u2019ont pas \u00e9t\u00e9 cr\u00e9\u00e9s par l\u2019exploitant, les droits d\u2019auteur de tiers sont respect\u00e9s. Les contenus de tiers en particulier sont indiqu\u00e9s comme tels. Si vous deviez n\u00e9anmoins constater une violation des droits d\u2019auteur, veuillez nous en informer. D\u00e8s que nous aurons \u00e9t\u00e9 inform\u00e9s d\u2019une \u00e9ventuelle violations de ces droits, nous retirerons imm\u00e9diatement le contenu concern\u00e9.<\/p>\n<p>Cr\u00e9dit photos: blaues Kunststoffgranulat \u00a9 digitalstock \u2013 37782451 stock.adobe.com, Electronic Concepts. Batch of Produced Automotive Printed Circuit Boards with Surface Mounted Components \u00a9 danmorgan12 \u2013 419793509 stock.adobe.com, Detail of thick isolated electric cables coiled on wooden cable reels in storage \u00a9 zayacsk \u2013 222543558 stock.adobe.com, sheet metal rolls \u00a9 quka \u2013 55264676 stock.adobe.com, Business people working together in the office amnaj \u00a9 \u2013 330337035 stock.adobe.com, Businessman leader leading a large group of people \u00a9 Photocreo Bednarek \u2013 334143523, 334143428 stock.adobe.com, Global Network Of People \u00a9 vegefox.com \u2013 stock.adobe.com, Computer Bauteile \u00a9 penofoto.de \u2013 50920567, stock.adobe.com, Metal working parts \u00a9 Sergey Ryzhov \u2013 275081362 stock.adobe.com, \u30b0\u30ed\u30fc\u30d0\u30eb\u30cd\u30c3\u30c8\u30ef\u30fc\u30af \u00a9 metamorworks \u2013 281020117 stock.adobe.com, In a foundry workshop. A worker protected by a safety suit pours the molten metal into a mold \u00a9 Louis-Michel DESERT \u2013 298807791 stock.adobe.com, EV charging station for electric car in concept of alternative green energy produced from sustainable resources to supply to charger station in order to reduce CO2 emission \u00a9 Blue Planet Studio \u2013 461798331 stock.adobe.com<\/p>\n<p><strong>Corporate Design:<\/strong> \u00a9 Bernd Brenk Grafikdesign \u2013 <a href=\"https:\/\/www.berndbrenk.de\">berndbrenk.de<\/a><\/p>\n<\/div><\/section><\/div>\n","protected":false},"excerpt":{"rendered":"","protected":false},"author":1,"featured_media":0,"parent":0,"menu_order":0,"comment_status":"closed","ping_status":"closed","template":"","meta":{"footnotes":""},"class_list":["post-2273","page","type-page","status-publish","hentry"],"yoast_head":"<!-- This site is optimized with the Yoast SEO plugin v19.10 - https:\/\/yoast.com\/wordpress\/plugins\/seo\/ -->\n<title>Mentions l\u00e9gale - Global Source Lipprandt GmbH<\/title>\n<meta name=\"robots\" content=\"index, follow, max-snippet:-1, max-image-preview:large, max-video-preview:-1\" \/>\n<link rel=\"canonical\" href=\"https:\/\/gs-lipprandt.com\/fr\/mentions-legale\/\" \/>\n<meta property=\"og:locale\" content=\"fr_FR\" \/>\n<meta property=\"og:type\" content=\"article\" \/>\n<meta property=\"og:title\" content=\"Mentions l\u00e9gale - Global Source Lipprandt GmbH\" \/>\n<meta property=\"og:url\" content=\"https:\/\/gs-lipprandt.com\/fr\/mentions-legale\/\" \/>\n<meta property=\"og:site_name\" content=\"Global Source Lipprandt GmbH\" \/>\n<meta property=\"article:modified_time\" content=\"2022-06-22T11:10:30+00:00\" \/>\n<meta name=\"twitter:card\" content=\"summary_large_image\" \/>\n<meta name=\"twitter:label1\" content=\"Dur\u00e9e de lecture estim\u00e9e\" \/>\n\t<meta name=\"twitter:data1\" content=\"3 minutes\" \/>\n<script type=\"application\/ld+json\" class=\"yoast-schema-graph\">{\"@context\":\"https:\/\/schema.org\",\"@graph\":[{\"@type\":\"WebPage\",\"@id\":\"https:\/\/gs-lipprandt.com\/fr\/mentions-legale\/\",\"url\":\"https:\/\/gs-lipprandt.com\/fr\/mentions-legale\/\",\"name\":\"Mentions l\u00e9gale - Global Source Lipprandt GmbH\",\"isPartOf\":{\"@id\":\"https:\/\/gs-lipprandt.com\/fr\/#website\"},\"datePublished\":\"2021-11-29T16:05:21+00:00\",\"dateModified\":\"2022-06-22T11:10:30+00:00\",\"breadcrumb\":{\"@id\":\"https:\/\/gs-lipprandt.com\/fr\/mentions-legale\/#breadcrumb\"},\"inLanguage\":\"fr-FR\",\"potentialAction\":[{\"@type\":\"ReadAction\",\"target\":[\"https:\/\/gs-lipprandt.com\/fr\/mentions-legale\/\"]}]},{\"@type\":\"BreadcrumbList\",\"@id\":\"https:\/\/gs-lipprandt.com\/fr\/mentions-legale\/#breadcrumb\",\"itemListElement\":[{\"@type\":\"ListItem\",\"position\":1,\"name\":\"Startseite\",\"item\":\"https:\/\/gs-lipprandt.com\/fr\/\"},{\"@type\":\"ListItem\",\"position\":2,\"name\":\"Mentions l\u00e9gale\"}]},{\"@type\":\"WebSite\",\"@id\":\"https:\/\/gs-lipprandt.com\/fr\/#website\",\"url\":\"https:\/\/gs-lipprandt.com\/fr\/\",\"name\":\"Global Source Lipprandt GmbH\",\"description\":\"Agentur f\u00fcr Einkaufsoptimierungen und Beschaffung\",\"publisher\":{\"@id\":\"https:\/\/gs-lipprandt.com\/fr\/#organization\"},\"potentialAction\":[{\"@type\":\"SearchAction\",\"target\":{\"@type\":\"EntryPoint\",\"urlTemplate\":\"https:\/\/gs-lipprandt.com\/fr\/?s={search_term_string}\"},\"query-input\":\"required name=search_term_string\"}],\"inLanguage\":\"fr-FR\"},{\"@type\":\"Organization\",\"@id\":\"https:\/\/gs-lipprandt.com\/fr\/#organization\",\"name\":\"Global Source Lipprandt GmbH\",\"url\":\"https:\/\/gs-lipprandt.com\/fr\/\",\"logo\":{\"@type\":\"ImageObject\",\"inLanguage\":\"fr-FR\",\"@id\":\"https:\/\/gs-lipprandt.com\/fr\/#\/schema\/logo\/image\/\",\"url\":\"https:\/\/gs-lipprandt.com\/wp-content\/uploads\/2021\/10\/211021_04_logo-global-dark.png\",\"contentUrl\":\"https:\/\/gs-lipprandt.com\/wp-content\/uploads\/2021\/10\/211021_04_logo-global-dark.png\",\"width\":532,\"height\":92,\"caption\":\"Global Source Lipprandt GmbH\"},\"image\":{\"@id\":\"https:\/\/gs-lipprandt.com\/fr\/#\/schema\/logo\/image\/\"}}]}<\/script>\n<!-- \/ Yoast SEO plugin. -->","yoast_head_json":{"title":"Mentions l\u00e9gale - Global Source Lipprandt GmbH","robots":{"index":"index","follow":"follow","max-snippet":"max-snippet:-1","max-image-preview":"max-image-preview:large","max-video-preview":"max-video-preview:-1"},"canonical":"https:\/\/gs-lipprandt.com\/fr\/mentions-legale\/","og_locale":"fr_FR","og_type":"article","og_title":"Mentions l\u00e9gale - Global Source Lipprandt GmbH","og_url":"https:\/\/gs-lipprandt.com\/fr\/mentions-legale\/","og_site_name":"Global Source Lipprandt GmbH","article_modified_time":"2022-06-22T11:10:30+00:00","twitter_card":"summary_large_image","twitter_misc":{"Dur\u00e9e de lecture estim\u00e9e":"3 minutes"},"schema":{"@context":"https:\/\/schema.org","@graph":[{"@type":"WebPage","@id":"https:\/\/gs-lipprandt.com\/fr\/mentions-legale\/","url":"https:\/\/gs-lipprandt.com\/fr\/mentions-legale\/","name":"Mentions l\u00e9gale - Global Source Lipprandt GmbH","isPartOf":{"@id":"https:\/\/gs-lipprandt.com\/fr\/#website"},"datePublished":"2021-11-29T16:05:21+00:00","dateModified":"2022-06-22T11:10:30+00:00","breadcrumb":{"@id":"https:\/\/gs-lipprandt.com\/fr\/mentions-legale\/#breadcrumb"},"inLanguage":"fr-FR","potentialAction":[{"@type":"ReadAction","target":["https:\/\/gs-lipprandt.com\/fr\/mentions-legale\/"]}]},{"@type":"BreadcrumbList","@id":"https:\/\/gs-lipprandt.com\/fr\/mentions-legale\/#breadcrumb","itemListElement":[{"@type":"ListItem","position":1,"name":"Startseite","item":"https:\/\/gs-lipprandt.com\/fr\/"},{"@type":"ListItem","position":2,"name":"Mentions l\u00e9gale"}]},{"@type":"WebSite","@id":"https:\/\/gs-lipprandt.com\/fr\/#website","url":"https:\/\/gs-lipprandt.com\/fr\/","name":"Global Source Lipprandt GmbH","description":"Agentur f\u00fcr Einkaufsoptimierungen und Beschaffung","publisher":{"@id":"https:\/\/gs-lipprandt.com\/fr\/#organization"},"potentialAction":[{"@type":"SearchAction","target":{"@type":"EntryPoint","urlTemplate":"https:\/\/gs-lipprandt.com\/fr\/?s={search_term_string}"},"query-input":"required name=search_term_string"}],"inLanguage":"fr-FR"},{"@type":"Organization","@id":"https:\/\/gs-lipprandt.com\/fr\/#organization","name":"Global Source Lipprandt GmbH","url":"https:\/\/gs-lipprandt.com\/fr\/","logo":{"@type":"ImageObject","inLanguage":"fr-FR","@id":"https:\/\/gs-lipprandt.com\/fr\/#\/schema\/logo\/image\/","url":"https:\/\/gs-lipprandt.com\/wp-content\/uploads\/2021\/10\/211021_04_logo-global-dark.png","contentUrl":"https:\/\/gs-lipprandt.com\/wp-content\/uploads\/2021\/10\/211021_04_logo-global-dark.png","width":532,"height":92,"caption":"Global Source Lipprandt GmbH"},"image":{"@id":"https:\/\/gs-lipprandt.com\/fr\/#\/schema\/logo\/image\/"}}]}},"_links":{"self":[{"href":"https:\/\/gs-lipprandt.com\/fr\/wp-json\/wp\/v2\/pages\/2273","targetHints":{"allow":["GET"]}}],"collection":[{"href":"https:\/\/gs-lipprandt.com\/fr\/wp-json\/wp\/v2\/pages"}],"about":[{"href":"https:\/\/gs-lipprandt.com\/fr\/wp-json\/wp\/v2\/types\/page"}],"author":[{"embeddable":true,"href":"https:\/\/gs-lipprandt.com\/fr\/wp-json\/wp\/v2\/users\/1"}],"replies":[{"embeddable":true,"href":"https:\/\/gs-lipprandt.com\/fr\/wp-json\/wp\/v2\/comments?post=2273"}],"version-history":[{"count":9,"href":"https:\/\/gs-lipprandt.com\/fr\/wp-json\/wp\/v2\/pages\/2273\/revisions"}],"predecessor-version":[{"id":2313,"href":"https:\/\/gs-lipprandt.com\/fr\/wp-json\/wp\/v2\/pages\/2273\/revisions\/2313"}],"wp:attachment":[{"href":"https:\/\/gs-lipprandt.com\/fr\/wp-json\/wp\/v2\/media?parent=2273"}],"curies":[{"name":"wp","href":"https:\/\/api.w.org\/{rel}","templated":true}]}}